{"id":2,"date":"2018-01-15T18:46:27","date_gmt":"2018-01-15T18:46:27","guid":{"rendered":"http:\/\/zuzanahabanova.com\/?page_id=2"},"modified":"2022-11-07T21:54:46","modified_gmt":"2022-11-07T20:54:46","slug":"about","status":"publish","type":"page","link":"https:\/\/zuzanahabanova.com\/about\/about\/","title":{"rendered":"KDO JSEM"},"content":{"rendered":"<p style=\"text-align: left;\"><span style=\"font-family: verdana, geneva, sans-serif; font-size: 20px;\">Sny se maj\u00ed plnit. A j\u00e1 za\u010dala, kdy\u017e jsem ve t\u0159iceti letech oslepla. Vzala jsem prost\u011b krosnu na z\u00e1da a vyrazila na vlastn\u00ed p\u011bst do sv\u011bta. Chci v\u0161em dok\u00e1zat, \u017ee my lid\u00e9 s handicapem nebre\u010d\u00edme, nest\u011b\u017eujeme si, ale \u017eijeme!!!<\/span><\/p>\n<p style=\"text-align: left;\">&nbsp;<\/p>\n<figure id=\"attachment_903\" aria-describedby=\"caption-attachment-903\" style=\"width: 300px\" class=\"wp-caption alignleft\"><a href=\"http:\/\/zuzanahabanova.com\/wp-content\/uploads\/2018\/05\/Mia.jpg\" target=\"_blank\" rel=\"noopener noreferrer\"><img loading=\"lazy\" decoding=\"async\" class=\"wp-image-903 size-medium\" src=\"http:\/\/zuzanahabanova.com\/wp-content\/uploads\/2018\/05\/Mia-300x225.jpg\" alt=\"\" width=\"300\" height=\"225\" srcset=\"https:\/\/zuzanahabanova.com\/wp-content\/uploads\/2018\/05\/Mia-300x225.jpg 300w, https:\/\/zuzanahabanova.com\/wp-content\/uploads\/2018\/05\/Mia-150x113.jpg 150w, https:\/\/zuzanahabanova.com\/wp-content\/uploads\/2018\/05\/Mia-768x576.jpg 768w, https:\/\/zuzanahabanova.com\/wp-content\/uploads\/2018\/05\/Mia-644x483.jpg 644w, https:\/\/zuzanahabanova.com\/wp-content\/uploads\/2018\/05\/Mia.jpg 960w\" sizes=\"auto, (max-width: 300px) 100vw, 300px\" \/><\/a><figcaption id=\"caption-attachment-903\" class=\"wp-caption-text\"><span style=\"font-size: 16px; font-family: verdana, geneva, sans-serif;\">Moje drah\u00e1 M\u00eda (rhodesk\u00fd ridgeback)<\/span><\/figcaption><\/figure>\n<p style=\"text-align: left;\"><span style=\"font-family: verdana, geneva, sans-serif; font-size: 20px;\">V dubnu 1985 jsem sfoukla sv\u00ed\u010dky, zakousla se do dortu k m\u00fdm 7. narozenin\u00e1m a druh\u00fd den uh\u00e1n\u011bla do nemocnice, kde mi bylo ozn\u00e1meno: \u201eM\u00e1te cukrovku a budete si cel\u00fd \u017eivot p\u00edchat inzul\u00edn.\u201c No a co? D\u00e1l jsem si \u017eila spokojen\u011b, tak n\u011bjak na pln\u00fd plyn a nemoc m\u011b v ni\u010dem neomezovala. <strong>Cukrovka toti\u017e nebol\u00ed.<\/strong><\/span><\/p>\n<p style=\"text-align: left;\">&nbsp;<\/p>\n<figure id=\"attachment_50\" aria-describedby=\"caption-attachment-50\" style=\"width: 235px\" class=\"wp-caption alignright\"><a href=\"http:\/\/zuzanahabanova.com\/wp-content\/uploads\/2018\/01\/Norsko-na-sk\u00e1l\u016fe_n.jpg\" target=\"_blank\" rel=\"noopener noreferrer\"><img loading=\"lazy\" decoding=\"async\" class=\"wp-image-50\" src=\"http:\/\/zuzanahabanova.com\/wp-content\/uploads\/2018\/01\/Norsko-na-sk\u00e1l\u016fe_n-150x150.jpg\" alt=\"\" width=\"235\" height=\"235\" srcset=\"https:\/\/zuzanahabanova.com\/wp-content\/uploads\/2018\/01\/Norsko-na-sk\u00e1l\u016fe_n-150x150.jpg 150w, https:\/\/zuzanahabanova.com\/wp-content\/uploads\/2018\/01\/Norsko-na-sk\u00e1l\u016fe_n-300x300.jpg 300w, https:\/\/zuzanahabanova.com\/wp-content\/uploads\/2018\/01\/Norsko-na-sk\u00e1l\u016fe_n-768x768.jpg 768w, https:\/\/zuzanahabanova.com\/wp-content\/uploads\/2018\/01\/Norsko-na-sk\u00e1l\u016fe_n.jpg 960w\" sizes=\"auto, (max-width: 235px) 100vw, 235px\" \/><\/a><figcaption id=\"caption-attachment-50\" class=\"wp-caption-text\"><span style=\"font-family: verdana, geneva, sans-serif; font-size: 16px;\">Norsk\u00e1 poutn\u00ed cesta<\/span><\/figcaption><\/figure>\n<p style=\"text-align: left;\"><span style=\"font-family: verdana, geneva, sans-serif; font-size: 20px;\">Jej\u00ed dlouh\u00e9 trv\u00e1n\u00ed v\u0161ak p\u0159in\u00e1\u0161\u00ed velmi v\u00e1\u017en\u00e9 a nevratn\u00e9 po\u0161kozen\u00ed organismu. V m\u00e9m p\u0159\u00edpad\u011b to bylo t\u011b\u017ek\u00e9 posti\u017een\u00ed o\u010dn\u00ed s\u00edtnice (retinopatie). Od sv\u00fdch 30 let trp\u00edm praktickou slepotou, vid\u00edm rozmazan\u011b jen na jedno oko asi na 15 %, bez perifern\u00edho vid\u011bn\u00ed. Jakmile se setm\u00ed, nevid\u00edm v\u016fbec nic. Nerozezn\u00e1v\u00e1m lid\u00ed, zakop\u00e1v\u00e1m o p\u0159ek\u00e1\u017eky. Nejnebezpe\u010dn\u011bj\u0161\u00ed jsou pro m\u011b schody. Ale p\u0159esto, je\u0161t\u011b po\u0159\u00e1d N\u011aCO vid\u00edm!<\/span><\/p>\n<p style=\"text-align: left;\">&nbsp;<\/p>\n<p style=\"text-align: left;\"><span style=\"font-family: verdana, geneva, sans-serif; font-size: 20px;\">Tato \u017eivotn\u00ed zm\u011bna nebyla v\u016fbec jednoduch\u00e1. Dobrou pr\u00e1ci a spole\u010densk\u00fd \u017eivot jsem vym\u011bnila za samotu. Cht\u011bla jsem, a\u0165 si m\u011b v\u0161ichni pamatuj\u00ed jako d\u0159\u00edv. Jedinou spole\u010dnost\u00ed mi byla M\u00eda. Kr\u00e1sn\u00e1 fena rhodesk\u00e9ho ridgebacka. Musela jsem se znovu u\u010dit oby\u010dejn\u00e9 v\u011bci, ale po \u010dase jsem se se sv\u00fdm nov\u00fdm \u017eivotem docela vyrovnala. Nejt\u011b\u017e\u0161\u00ed bylo za\u010d\u00edt nosit b\u00edlou h\u016fl. Necht\u011bla jsem b\u00fdt ocejchovan\u00e1, ale proto\u017ee m\u011b ka\u017ed\u00fd pova\u017eoval za opilce, i tu jsem nakonec do sv\u00e9ho \u017eivota pustila. Dnes je to m\u00e1 nejlep\u0161\u00ed kamar\u00e1dka.&nbsp;<\/span><\/p>\n<p>&nbsp;<\/p>\n<figure id=\"attachment_480\" aria-describedby=\"caption-attachment-480\" style=\"width: 235px\" class=\"wp-caption alignleft\"><a href=\"http:\/\/zuzanahabanova.com\/wp-content\/uploads\/2018\/05\/Filiipy.jpg\" target=\"_blank\" rel=\"noopener noreferrer\"><img loading=\"lazy\" decoding=\"async\" class=\"wp-image-480\" src=\"http:\/\/zuzanahabanova.com\/wp-content\/uploads\/2018\/05\/Filiipy-150x113.jpg\" alt=\"\" width=\"235\" height=\"176\" srcset=\"https:\/\/zuzanahabanova.com\/wp-content\/uploads\/2018\/05\/Filiipy-150x113.jpg 150w, https:\/\/zuzanahabanova.com\/wp-content\/uploads\/2018\/05\/Filiipy-300x225.jpg 300w, https:\/\/zuzanahabanova.com\/wp-content\/uploads\/2018\/05\/Filiipy-768x576.jpg 768w, https:\/\/zuzanahabanova.com\/wp-content\/uploads\/2018\/05\/Filiipy-644x483.jpg 644w, https:\/\/zuzanahabanova.com\/wp-content\/uploads\/2018\/05\/Filiipy-400x300.jpg 400w, https:\/\/zuzanahabanova.com\/wp-content\/uploads\/2018\/05\/Filiipy.jpg 960w\" sizes=\"auto, (max-width: 235px) 100vw, 235px\" \/><\/a><figcaption id=\"caption-attachment-480\" class=\"wp-caption-text\"><span style=\"font-family: verdana, geneva, sans-serif; font-size: 16px;\">R\u00fd\u017eov\u00e9 terasy na Filip\u00edn\u00e1ch<\/span><\/figcaption><\/figure>\n<p style=\"text-align: left;\"><span style=\"font-family: verdana, geneva, sans-serif; font-size: 20px;\">Vlastn\u011b jsem si \u017eila docela spokojen\u011b. M\u011bla jsem v\u0161ak jedno jedin\u00e9 p\u0159\u00e1n\u00ed: za\u017e\u00edt je\u0161t\u011b n\u011bjak\u00e9 dobrodru\u017estv\u00ed. A to se mi splnilo v \u010dervenci 2010, kdy mi m\u016fj kamar\u00e1d, dnes uzn\u00e1van\u00fd brn\u011bnsk\u00fd chirurg a gastroenterolog Lum\u00edr Kunovsk\u00fd, nab\u00eddl vycestovat do Thajska. J\u00e1, kter\u00e1 jsem nikdy nebyla mimo Evropu a v letadle sed\u011bla jen jednou, si sbalila krosnu, vzala b\u00edlou h\u016flku a vyrazila do Asie. V letadle mi je\u0161t\u011b ozn\u00e1mil, \u017ee z ohromn\u00e9ho Bangkoku mus\u00edm dom\u016f let\u011bt sama. On pr\u00fd bude je\u0161t\u011b pokra\u010dovat do Malajsie. A dobrodru\u017estv\u00ed bylo tady! Kdy\u017e jsem pak sed\u011bla na lidupr\u00e1zdn\u00e9 pl\u00e1\u017ei ji\u017en\u00edho Thajska, v\u011bd\u011bla jsem, \u017ee tohle chci za\u017e\u00edt znovu a znovu. A za\u010dala jsem cestovat.<\/span><\/p>\n<p>&nbsp;<\/p>\n<figure id=\"attachment_470\" aria-describedby=\"caption-attachment-470\" style=\"width: 235px\" class=\"wp-caption alignright\"><a href=\"http:\/\/zuzanahabanova.com\/wp-content\/uploads\/2018\/05\/332.jpg\" target=\"_blank\" rel=\"noopener noreferrer\"><img loading=\"lazy\" decoding=\"async\" class=\"wp-image-470\" src=\"http:\/\/zuzanahabanova.com\/wp-content\/uploads\/2018\/05\/332-150x113.jpg\" alt=\"\" width=\"235\" height=\"176\" srcset=\"https:\/\/zuzanahabanova.com\/wp-content\/uploads\/2018\/05\/332-150x113.jpg 150w, https:\/\/zuzanahabanova.com\/wp-content\/uploads\/2018\/05\/332-300x225.jpg 300w, https:\/\/zuzanahabanova.com\/wp-content\/uploads\/2018\/05\/332-768x576.jpg 768w, https:\/\/zuzanahabanova.com\/wp-content\/uploads\/2018\/05\/332-644x483.jpg 644w, https:\/\/zuzanahabanova.com\/wp-content\/uploads\/2018\/05\/332-400x300.jpg 400w, https:\/\/zuzanahabanova.com\/wp-content\/uploads\/2018\/05\/332.jpg 2048w\" sizes=\"auto, (max-width: 235px) 100vw, 235px\" \/><\/a><figcaption id=\"caption-attachment-470\" class=\"wp-caption-text\"><span style=\"font-family: verdana, geneva, sans-serif; font-size: 16px;\">Sr\u00ed Lanka<\/span><\/figcaption><\/figure>\n<p style=\"text-align: left;\"><span style=\"font-family: verdana, geneva, sans-serif; font-size: 20px;\">S lupou na m\u00e9m jedin\u00e9m oku jsem se u\u010dila angli\u010dtinu, hledat levn\u00e9 letenky a sb\u00edrala informace o ciz\u00edch zem\u00edch od zku\u0161en\u00fdch cestovatel\u016f. Na cesty jsem vyr\u00e1\u017eela s p\u0159\u00e1teli, kte\u0159\u00ed by sami nikam nejeli. J\u00e1 jim to v\u0161e p\u0159ipravila a komunikovala, oni mi d\u011blali \u201eo\u010di\u201c. Za\u010dala jsem provozovat couchsurfing (ubytov\u00e1n\u00ed pro cestovatele zadarmo), z\u00edskala spoustu p\u0159\u00e1tel ve sv\u011bt\u011b a na cesty si ob\u010das vyrazila i \u00fapln\u011b sama. T\u0159eba do <strong>tureck\u00e9ho a Ir\u00e1ck\u00e9ho Kurdist\u00e1nu<\/strong>. V roce 2014 jsem pak objevila kouzlo poutn\u00edch cest, na kter\u00e9 dodnes vyr\u00e1\u017e\u00edm s t\u00e1tou.<\/span><\/p>\n<p>&nbsp;<\/p>\n<figure id=\"attachment_143\" aria-describedby=\"caption-attachment-143\" style=\"width: 235px\" class=\"wp-caption alignleft\"><a href=\"http:\/\/zuzanahabanova.com\/wp-content\/uploads\/2018\/02\/do-\u0158\u00edma-3.jpg\" target=\"_blank\" rel=\"noopener noreferrer\"><img loading=\"lazy\" decoding=\"async\" class=\"wp-image-143\" src=\"http:\/\/zuzanahabanova.com\/wp-content\/uploads\/2018\/02\/do-\u0158\u00edma-3-150x150.jpg\" alt=\"\" width=\"235\" height=\"234\" srcset=\"https:\/\/zuzanahabanova.com\/wp-content\/uploads\/2018\/02\/do-\u0158\u00edma-3-150x150.jpg 150w, https:\/\/zuzanahabanova.com\/wp-content\/uploads\/2018\/02\/do-\u0158\u00edma-3-300x298.jpg 300w, https:\/\/zuzanahabanova.com\/wp-content\/uploads\/2018\/02\/do-\u0158\u00edma-3-768x764.jpg 768w, https:\/\/zuzanahabanova.com\/wp-content\/uploads\/2018\/02\/do-\u0158\u00edma-3-302x300.jpg 302w, https:\/\/zuzanahabanova.com\/wp-content\/uploads\/2018\/02\/do-\u0158\u00edma-3.jpg 960w\" sizes=\"auto, (max-width: 235px) 100vw, 235px\" \/><\/a><figcaption id=\"caption-attachment-143\" class=\"wp-caption-text\"><span style=\"font-family: arial, helvetica, sans-serif; font-size: 14pt;\">Pou\u0165 do \u0158\u00edma<\/span><\/figcaption><\/figure>\n<p style=\"text-align: left;\"><span style=\"font-family: verdana, geneva, sans-serif; font-size: 20px;\">A tak se smyslem m\u00e9ho \u017eivota stalo cestovan\u00ed na vlastn\u00ed p\u011bst, p\u0159edev\u0161\u00edm do m\u00e9n\u011b nav\u0161t\u011bvovan\u00fdch zem\u00ed jako je <strong>N\u00e1horn\u00ed Karabach, Kurdist\u00e1n, \u00cdr\u00e1n, Indie, Kolumbie, Kosovo, Sierra Leone, Bosna a Hercegovina<\/strong>. Cestov\u00e1n\u00ed je&nbsp; v\u017edy o lidem a je ohromn\u011b zaj\u00edmav\u00e9 sledovat jejich reakc\u00ed na mou nevidomost. <\/span><\/p>\n<p>&nbsp;<\/p>\n<p style=\"text-align: left;\"><span style=\"font-family: verdana, geneva, sans-serif; font-size: 20px;\"><span style=\"font-size: 28px;\"><em>&#8222;Jak je sv\u011bt neskute\u010dn\u011b barevn\u00fd, jsem vlastn\u011b zjistila a\u017e pot\u00e9, co jsem skoro p\u0159i\u0161la o zrak. No nen\u00ed to paradox?&#8220;<\/em><\/span>&nbsp;<\/span><\/p>\n<figure id=\"attachment_904\" aria-describedby=\"caption-attachment-904\" style=\"width: 235px\" class=\"wp-caption alignright\"><a href=\"http:\/\/zuzanahabanova.com\/wp-content\/uploads\/2018\/05\/Tara.jpg\" target=\"_blank\" rel=\"noopener noreferrer\"><img loading=\"lazy\" decoding=\"async\" class=\"wp-image-904\" src=\"http:\/\/zuzanahabanova.com\/wp-content\/uploads\/2018\/05\/Tara-300x225.jpg\" alt=\"\" width=\"235\" height=\"176\" srcset=\"https:\/\/zuzanahabanova.com\/wp-content\/uploads\/2018\/05\/Tara-300x225.jpg 300w, https:\/\/zuzanahabanova.com\/wp-content\/uploads\/2018\/05\/Tara-150x113.jpg 150w, https:\/\/zuzanahabanova.com\/wp-content\/uploads\/2018\/05\/Tara-768x576.jpg 768w, https:\/\/zuzanahabanova.com\/wp-content\/uploads\/2018\/05\/Tara-644x483.jpg 644w, https:\/\/zuzanahabanova.com\/wp-content\/uploads\/2018\/05\/Tara.jpg 960w\" sizes=\"auto, (max-width: 235px) 100vw, 235px\" \/><\/a><figcaption id=\"caption-attachment-904\" class=\"wp-caption-text\"><span style=\"font-family: verdana, geneva, sans-serif; font-size: 20px;\">Tara<\/span><\/figcaption><\/figure>\n<p>&nbsp;<\/p>\n<p style=\"text-align: left;\"><span style=\"font-family: verdana, geneva, sans-serif; font-size: 20px;\"><strong><span style=\"font-size: 24px;\">POD\u011aKOV\u00c1N\u00cd:<\/span>&nbsp;<\/strong>&nbsp; &nbsp; &nbsp; &nbsp; &nbsp; &nbsp; &nbsp; &nbsp; &nbsp; &nbsp; &nbsp; &nbsp; &nbsp; &nbsp;<\/span><\/p>\n<p style=\"text-align: left;\"><span style=\"font-family: verdana, geneva, sans-serif; font-size: 20px;\">R\u00e1da bych pod\u011bkovala v\u0161em, kte\u0159\u00ed mi v m\u00e9m \u017eivot\u011b pom\u00e1haj\u00ed a maj\u00ed se mnou svatou trp\u011blivost, zejm\u00e9na pak m\u00e9 m\u00e1m\u011b a t\u00e1tovi, p\u0159\u00edteli Kubovi, m\u00e9 zesnul\u00e9 ridgeba\u010dici Mii, sou\u010dasn\u00e9 par\u0165a\u010dce Ta\u0159e (flat coat retriever), spolucestovatel\u016fm Ivet\u011b Posp\u00ed\u0161ilov\u00e9 a MUDr. Lum\u00edru Kunovsk\u00e9mu. Ph.D., doc. MUDr. B. Kalvodov\u00e9, CSc za z\u00e1chranu zbytku m\u00e9ho zraku, dlouholet\u00e9 kamar\u00e1dce Pet\u0159e Burianov\u00e9 a spoust\u011b dal\u0161\u00edm.&nbsp; &nbsp; <\/span><\/p>\n<p style=\"text-align: left;\"><span style=\"font-family: verdana, geneva, sans-serif; font-size: 20px;\">V\u0159el\u00e9 d\u00edky a moc si V\u00e1s v\u00e1\u017e\u00edm!<\/span><\/p>\n<div class=\"fcbkbttn_buttons_block\" id=\"fcbkbttn_left\"><div class=\"fcbkbttn_like \"><fb:like href=\"https:\/\/zuzanahabanova.com\/about\/about\/\" action=\"like\" colorscheme=\"light\" layout=\"standard\"  width=\"225px\" size=\"small\"><\/fb:like><\/div><div class=\"fb-share-button  \" data-href=\"https:\/\/zuzanahabanova.com\/about\/about\/\" data-type=\"button_count\" data-size=\"small\"><\/div><\/div>","protected":false},"excerpt":{"rendered":"<p>Sny se maj\u00ed plnit. A j\u00e1 za\u010dala, kdy\u017e jsem ve t\u0159iceti letech oslepla. Vzala jsem prost\u011b krosnu na z\u00e1da a vyrazila na vlastn\u00ed p\u011bst do sv\u011bta. Chci v\u0161em dok\u00e1zat, \u017ee my lid\u00e9 s handicapem nebre\u010d\u00edme, nest\u011b\u017eujeme si, ale \u017eijeme!!! &nbsp; V dubnu 1985 jsem sfoukla sv\u00ed\u010dky, zakousla se do dortu k m\u00fdm 7. narozenin\u00e1m a&#8230;<\/p>\n<div class=\"fcbkbttn_buttons_block\" id=\"fcbkbttn_left\"><div class=\"fcbkbttn_like \"><fb:like href=\"https:\/\/zuzanahabanova.com\/about\/about\/\" action=\"like\" colorscheme=\"light\" layout=\"standard\"  width=\"225px\" size=\"small\"><\/fb:like><\/div><div class=\"fb-share-button  \" data-href=\"https:\/\/zuzanahabanova.com\/about\/about\/\" data-type=\"button_count\" data-size=\"small\"><\/div><\/div>","protected":false},"author":1,"featured_media":1451,"parent":0,"menu_order":0,"comment_status":"open","ping_status":"open","template":"","meta":{"_monsterinsights_skip_tracking":false,"_monsterinsights_sitenote_active":false,"_monsterinsights_sitenote_note":"","_monsterinsights_sitenote_category":0,"ngg_post_thumbnail":0,"footnotes":""},"class_list":["post-2","page","type-page","status-publish","has-post-thumbnail","hentry"],"yoast_head":"<!-- This site is optimized with the Yoast SEO plugin v24.8.1 - https:\/\/yoast.com\/wordpress\/plugins\/seo\/ -->\n<title>KDO JSEM - ZUZANA HAB\u00c1\u0147OV\u00c1<\/title>\n<meta name=\"description\" content=\"Sny se maj\u00ed plnit. A j\u00e1 za\u010dala, kdy\u017e jsem oslepla. Vzala jsem krosnu na z\u00e1da a vyrazila na vlastn\u00ed p\u011bst do sv\u011bta. Stala se ze m\u011b nevidom\u00e1 cestovatelka.\u00a0\" \/>\n<meta name=\"robots\" content=\"index, follow, max-snippet:-1, max-image-preview:large, max-video-preview:-1\" \/>\n<link rel=\"canonical\" href=\"https:\/\/zuzanahabanova.com\/about\/about\/\" \/>\n<meta property=\"og:locale\" content=\"cs_CZ\" \/>\n<meta property=\"og:type\" content=\"article\" \/>\n<meta property=\"og:title\" content=\"KDO JSEM - ZUZANA HAB\u00c1\u0147OV\u00c1\" \/>\n<meta property=\"og:description\" content=\"Sny se maj\u00ed plnit. A j\u00e1 za\u010dala, kdy\u017e jsem oslepla. Vzala jsem krosnu na z\u00e1da a vyrazila na vlastn\u00ed p\u011bst do sv\u011bta. Stala se ze m\u011b nevidom\u00e1 cestovatelka.\u00a0\" \/>\n<meta property=\"og:url\" content=\"https:\/\/zuzanahabanova.com\/about\/about\/\" \/>\n<meta property=\"og:site_name\" content=\"ZUZANA HAB\u00c1\u0147OV\u00c1\" \/>\n<meta property=\"article:publisher\" content=\"https:\/\/www.facebook.com\/zuza.habanova\" \/>\n<meta property=\"article:modified_time\" content=\"2022-11-07T20:54:46+00:00\" \/>\n<meta property=\"og:image\" content=\"https:\/\/zuzanahabanova.com\/wp-content\/uploads\/2018\/06\/kabelka-1-e1528750660186.jpg\" \/>\n\t<meta property=\"og:image:width\" content=\"719\" \/>\n\t<meta property=\"og:image:height\" content=\"480\" \/>\n\t<meta property=\"og:image:type\" content=\"image\/jpeg\" \/>\n<meta name=\"twitter:card\" content=\"summary_large_image\" \/>\n<meta name=\"twitter:label1\" content=\"Odhadovan\u00e1 doba \u010dten\u00ed\" \/>\n\t<meta name=\"twitter:data1\" content=\"5 minut\" \/>\n<script type=\"application\/ld+json\" class=\"yoast-schema-graph\">{\"@context\":\"https:\/\/schema.org\",\"@graph\":[{\"@type\":\"WebPage\",\"@id\":\"https:\/\/zuzanahabanova.com\/about\/about\/\",\"url\":\"https:\/\/zuzanahabanova.com\/about\/about\/\",\"name\":\"KDO JSEM - ZUZANA HAB\u00c1\u0147OV\u00c1\",\"isPartOf\":{\"@id\":\"https:\/\/zuzanahabanova.com\/about\/#website\"},\"primaryImageOfPage\":{\"@id\":\"https:\/\/zuzanahabanova.com\/about\/about\/#primaryimage\"},\"image\":{\"@id\":\"https:\/\/zuzanahabanova.com\/about\/about\/#primaryimage\"},\"thumbnailUrl\":\"https:\/\/zuzanahabanova.com\/wp-content\/uploads\/2018\/06\/kabelka-1-e1528750660186.jpg\",\"datePublished\":\"2018-01-15T18:46:27+00:00\",\"dateModified\":\"2022-11-07T20:54:46+00:00\",\"description\":\"Sny se maj\u00ed plnit. A j\u00e1 za\u010dala, kdy\u017e jsem oslepla. Vzala jsem krosnu na z\u00e1da a vyrazila na vlastn\u00ed p\u011bst do sv\u011bta. Stala se ze m\u011b nevidom\u00e1 cestovatelka.\u00a0\",\"breadcrumb\":{\"@id\":\"https:\/\/zuzanahabanova.com\/about\/about\/#breadcrumb\"},\"inLanguage\":\"cs\",\"potentialAction\":[{\"@type\":\"ReadAction\",\"target\":[\"https:\/\/zuzanahabanova.com\/about\/about\/\"]}]},{\"@type\":\"ImageObject\",\"inLanguage\":\"cs\",\"@id\":\"https:\/\/zuzanahabanova.com\/about\/about\/#primaryimage\",\"url\":\"https:\/\/zuzanahabanova.com\/wp-content\/uploads\/2018\/06\/kabelka-1-e1528750660186.jpg\",\"contentUrl\":\"https:\/\/zuzanahabanova.com\/wp-content\/uploads\/2018\/06\/kabelka-1-e1528750660186.jpg\",\"width\":719,\"height\":480},{\"@type\":\"BreadcrumbList\",\"@id\":\"https:\/\/zuzanahabanova.com\/about\/about\/#breadcrumb\",\"itemListElement\":[{\"@type\":\"ListItem\",\"position\":1,\"name\":\"Dom\u016f\",\"item\":\"https:\/\/zuzanahabanova.com\/about\/\"},{\"@type\":\"ListItem\",\"position\":2,\"name\":\"KDO JSEM\"}]},{\"@type\":\"WebSite\",\"@id\":\"https:\/\/zuzanahabanova.com\/about\/#website\",\"url\":\"https:\/\/zuzanahabanova.com\/about\/\",\"name\":\"ZUZANA HAB\u00c1\u0147OV\u00c1\",\"description\":\"Oslepla jsem. Vzala krosnu na z\u00e1da a vyrazila do sv\u011bta.\",\"potentialAction\":[{\"@type\":\"SearchAction\",\"target\":{\"@type\":\"EntryPoint\",\"urlTemplate\":\"https:\/\/zuzanahabanova.com\/about\/?s={search_term_string}\"},\"query-input\":{\"@type\":\"PropertyValueSpecification\",\"valueRequired\":true,\"valueName\":\"search_term_string\"}}],\"inLanguage\":\"cs\"}]}<\/script>\n<!-- \/ Yoast SEO plugin. -->","yoast_head_json":{"title":"KDO JSEM - ZUZANA HAB\u00c1\u0147OV\u00c1","description":"Sny se maj\u00ed plnit. A j\u00e1 za\u010dala, kdy\u017e jsem oslepla. Vzala jsem krosnu na z\u00e1da a vyrazila na vlastn\u00ed p\u011bst do sv\u011bta. Stala se ze m\u011b nevidom\u00e1 cestovatelka.\u00a0","robots":{"index":"index","follow":"follow","max-snippet":"max-snippet:-1","max-image-preview":"max-image-preview:large","max-video-preview":"max-video-preview:-1"},"canonical":"https:\/\/zuzanahabanova.com\/about\/about\/","og_locale":"cs_CZ","og_type":"article","og_title":"KDO JSEM - ZUZANA HAB\u00c1\u0147OV\u00c1","og_description":"Sny se maj\u00ed plnit. A j\u00e1 za\u010dala, kdy\u017e jsem oslepla. Vzala jsem krosnu na z\u00e1da a vyrazila na vlastn\u00ed p\u011bst do sv\u011bta. Stala se ze m\u011b nevidom\u00e1 cestovatelka.\u00a0","og_url":"https:\/\/zuzanahabanova.com\/about\/about\/","og_site_name":"ZUZANA HAB\u00c1\u0147OV\u00c1","article_publisher":"https:\/\/www.facebook.com\/zuza.habanova","article_modified_time":"2022-11-07T20:54:46+00:00","og_image":[{"width":719,"height":480,"url":"https:\/\/zuzanahabanova.com\/wp-content\/uploads\/2018\/06\/kabelka-1-e1528750660186.jpg","type":"image\/jpeg"}],"twitter_card":"summary_large_image","twitter_misc":{"Odhadovan\u00e1 doba \u010dten\u00ed":"5 minut"},"schema":{"@context":"https:\/\/schema.org","@graph":[{"@type":"WebPage","@id":"https:\/\/zuzanahabanova.com\/about\/about\/","url":"https:\/\/zuzanahabanova.com\/about\/about\/","name":"KDO JSEM - ZUZANA HAB\u00c1\u0147OV\u00c1","isPartOf":{"@id":"https:\/\/zuzanahabanova.com\/about\/#website"},"primaryImageOfPage":{"@id":"https:\/\/zuzanahabanova.com\/about\/about\/#primaryimage"},"image":{"@id":"https:\/\/zuzanahabanova.com\/about\/about\/#primaryimage"},"thumbnailUrl":"https:\/\/zuzanahabanova.com\/wp-content\/uploads\/2018\/06\/kabelka-1-e1528750660186.jpg","datePublished":"2018-01-15T18:46:27+00:00","dateModified":"2022-11-07T20:54:46+00:00","description":"Sny se maj\u00ed plnit. A j\u00e1 za\u010dala, kdy\u017e jsem oslepla. Vzala jsem krosnu na z\u00e1da a vyrazila na vlastn\u00ed p\u011bst do sv\u011bta. Stala se ze m\u011b nevidom\u00e1 cestovatelka.\u00a0","breadcrumb":{"@id":"https:\/\/zuzanahabanova.com\/about\/about\/#breadcrumb"},"inLanguage":"cs","potentialAction":[{"@type":"ReadAction","target":["https:\/\/zuzanahabanova.com\/about\/about\/"]}]},{"@type":"ImageObject","inLanguage":"cs","@id":"https:\/\/zuzanahabanova.com\/about\/about\/#primaryimage","url":"https:\/\/zuzanahabanova.com\/wp-content\/uploads\/2018\/06\/kabelka-1-e1528750660186.jpg","contentUrl":"https:\/\/zuzanahabanova.com\/wp-content\/uploads\/2018\/06\/kabelka-1-e1528750660186.jpg","width":719,"height":480},{"@type":"BreadcrumbList","@id":"https:\/\/zuzanahabanova.com\/about\/about\/#breadcrumb","itemListElement":[{"@type":"ListItem","position":1,"name":"Dom\u016f","item":"https:\/\/zuzanahabanova.com\/about\/"},{"@type":"ListItem","position":2,"name":"KDO JSEM"}]},{"@type":"WebSite","@id":"https:\/\/zuzanahabanova.com\/about\/#website","url":"https:\/\/zuzanahabanova.com\/about\/","name":"ZUZANA HAB\u00c1\u0147OV\u00c1","description":"Oslepla jsem. Vzala krosnu na z\u00e1da a vyrazila do sv\u011bta.","potentialAction":[{"@type":"SearchAction","target":{"@type":"EntryPoint","urlTemplate":"https:\/\/zuzanahabanova.com\/about\/?s={search_term_string}"},"query-input":{"@type":"PropertyValueSpecification","valueRequired":true,"valueName":"search_term_string"}}],"inLanguage":"cs"}]}},"_links":{"self":[{"href":"https:\/\/zuzanahabanova.com\/about\/wp-json\/wp\/v2\/pages\/2","targetHints":{"allow":["GET"]}}],"collection":[{"href":"https:\/\/zuzanahabanova.com\/about\/wp-json\/wp\/v2\/pages"}],"about":[{"href":"https:\/\/zuzanahabanova.com\/about\/wp-json\/wp\/v2\/types\/page"}],"author":[{"embeddable":true,"href":"https:\/\/zuzanahabanova.com\/about\/wp-json\/wp\/v2\/users\/1"}],"replies":[{"embeddable":true,"href":"https:\/\/zuzanahabanova.com\/about\/wp-json\/wp\/v2\/comments?post=2"}],"version-history":[{"count":45,"href":"https:\/\/zuzanahabanova.com\/about\/wp-json\/wp\/v2\/pages\/2\/revisions"}],"predecessor-version":[{"id":8921,"href":"https:\/\/zuzanahabanova.com\/about\/wp-json\/wp\/v2\/pages\/2\/revisions\/8921"}],"wp:featuredmedia":[{"embeddable":true,"href":"https:\/\/zuzanahabanova.com\/about\/wp-json\/wp\/v2\/media\/1451"}],"wp:attachment":[{"href":"https:\/\/zuzanahabanova.com\/about\/wp-json\/wp\/v2\/media?parent=2"}],"curies":[{"name":"wp","href":"https:\/\/api.w.org\/{rel}","templated":true}]}}